{"id":2558,"date":"2023-12-19T11:03:15","date_gmt":"2023-12-19T10:03:15","guid":{"rendered":"https:\/\/clients2.regisnicolo.fr\/?page_id=2558"},"modified":"2025-10-13T11:48:08","modified_gmt":"2025-10-13T09:48:08","slug":"lassociation-2","status":"publish","type":"page","link":"https:\/\/cretesetvallees.fr\/","title":{"rendered":"L&rsquo;association"},"content":{"rendered":"\n<h1 class=\"wp-block-heading has-text-align-center bienvenue has-text-color has-link-color wp-elements-782f59bc424399112bf58b58e174e4c5\" style=\"color:#37633f\">Bienvenue sur le site du club de randonn\u00e9e \u00ab\u00a0Cr\u00eates et Vall\u00e9es\u00a0\u00bb de Saint-Aubin d&rsquo;Aubign\u00e9 !<\/h1>\n\n\n\n<h2 class=\"wp-block-heading\">Un peu d&rsquo;histoire&#8230;<\/h2>\n\n\n\n<h3 class=\"wp-block-heading\">L&rsquo;envie de randonn\u00e9e \u00e0 Saint-Aubin<\/h3>\n\n\n\n<div class=\"wp-block-columns is-layout-flex wp-container-core-columns-is-layout-9d6595d7 wp-block-columns-is-layout-flex\">\n<div class=\"wp-block-column is-vertically-aligned-center is-layout-flow wp-block-column-is-layout-flow\" style=\"flex-basis:17.9%\"><div class=\"wp-block-image\">\n<figure class=\"aligncenter size-full\"><img loading=\"lazy\" decoding=\"async\" width=\"810\" height=\"1440\" src=\"https:\/\/cretesetvallees.fr\/wp-content\/uploads\/2018\/05\/Val-dIz\u00e9.jpg\" alt=\"\" class=\"wp-image-1082\" srcset=\"https:\/\/cretesetvallees.fr\/wp-content\/uploads\/2018\/05\/Val-dIz\u00e9.jpg 810w, https:\/\/cretesetvallees.fr\/wp-content\/uploads\/2018\/05\/Val-dIz\u00e9-169x300.jpg 169w, https:\/\/cretesetvallees.fr\/wp-content\/uploads\/2018\/05\/Val-dIz\u00e9-768x1365.jpg 768w, https:\/\/cretesetvallees.fr\/wp-content\/uploads\/2018\/05\/Val-dIz\u00e9-576x1024.jpg 576w, https:\/\/cretesetvallees.fr\/wp-content\/uploads\/2018\/05\/Val-dIz\u00e9-676x1202.jpg 676w\" sizes=\"auto, (max-width: 810px) 100vw, 810px\" \/><\/figure>\n<\/div><\/div>\n\n\n\n<div class=\"wp-block-column is-layout-flow wp-block-column-is-layout-flow\" style=\"flex-basis:82%\">\n<p>La randonn\u00e9e p\u00e9destre \u00e0 Saint-Aubin d\u2019Aubign\u00e9 a v\u00e9ritablement commenc\u00e9 en&nbsp; 1996. A cette date,&nbsp; deux, trois personnes se retrouvaient pour marcher. Tr\u00e8s rapidement, le groupe s\u2019est \u00e9toff\u00e9, alors il a \u00e9t\u00e9 d\u00e9cid\u00e9 de cr\u00e9er une section \u00ab Marche \u00bb au sein du <a href=\"http:\/\/www.aces-clubarlequin.fr\/\" target=\"_blank\" rel=\"noreferrer noopener\">club Arlequin<\/a>.<\/p>\n\n\n\n<p>A partir de 1999, en plus des marches hebdomadaires, les responsables de cette section ont organis\u00e9 des week-ends (Rochefort-en-Terre,&nbsp; Erquy\u2026) et de temps en temps des voyages en cars \u00e0 travers la R\u00e9gion. H\u00e9las, ces sorties ne rencontrent pas &nbsp;le &nbsp;succ\u00e8s&nbsp; esp\u00e9r\u00e9 \u00e0 tel point que la responsable de l\u2019\u00e9poque jette l\u2019\u00e9ponge en Juin 2006.<\/p>\n\n\n\n<p>Il n\u2019y a aucun pr\u00e9tendant pour reprendre le flambeau. Heureusement quelques mois plus tard, un nouvel arrivant sur Saint-Aubin rel\u00e8ve le d\u00e9fi et reprend&nbsp; la section marche du club &nbsp;Arlequin, (Club qui est primitivement destin\u00e9 aux enfants et par cons\u00e9quent arr\u00eate ses activit\u00e9s pendant les vacances scolaires) . Il est alors envisag\u00e9&nbsp; de quitter le club pour fonder une association ind\u00e9pendante.<\/p>\n<\/div>\n<\/div>\n\n\n\n<h3 class=\"wp-block-heading\">Naissance de l&rsquo;association en 2008<\/h3>\n\n\n\n<div class=\"wp-block-columns is-layout-flex wp-container-core-columns-is-layout-9d6595d7 wp-block-columns-is-layout-flex\">\n<div class=\"wp-block-column is-vertically-aligned-center is-layout-flow wp-block-column-is-layout-flow\" style=\"flex-basis:40%\">\n<figure class=\"wp-block-image size-full\"><img loading=\"lazy\" decoding=\"async\" width=\"400\" height=\"266\" src=\"https:\/\/cretesetvallees.fr\/wp-content\/uploads\/2024\/08\/IMG_9160.jpg\" alt=\"\" class=\"wp-image-2786\" srcset=\"https:\/\/cretesetvallees.fr\/wp-content\/uploads\/2024\/08\/IMG_9160.jpg 400w, https:\/\/cretesetvallees.fr\/wp-content\/uploads\/2024\/08\/IMG_9160-300x200.jpg 300w, https:\/\/cretesetvallees.fr\/wp-content\/uploads\/2024\/08\/IMG_9160-272x182.jpg 272w\" sizes=\"auto, (max-width: 400px) 100vw, 400px\" \/><\/figure>\n<\/div>\n\n\n\n<div class=\"wp-block-column is-vertically-aligned-center is-layout-flow wp-block-column-is-layout-flow\" style=\"flex-basis:82%\">\n<p>Apr\u00e8s avoir entrepris les d\u00e9marches n\u00e9cessaires et d\u00e9battu sur le nom de l\u2019association, Cr\u00eates et Vall\u00e9es, le dirigeant re\u00e7oit par courrier d\u00e9but mai 2008, l\u2019extrait du Journal Officiel indiquant que l\u2019association est bien reconnue.<\/p>\n\n\n\n<p>Aujourd\u2019hui, plus de dix ans apr\u00e8s sa cr\u00e9ation, l\u2019association comprend plus d\u2019une centaine de membres et est g\u00e9r\u00e9e par un bureau compos\u00e9 d\u2019une dizaine de personnes.&nbsp; L\u2019assembl\u00e9e g\u00e9n\u00e9rale a lieu le dernier samedi de septembre.<\/p>\n<\/div>\n<\/div>\n\n\n\n<h3 class=\"wp-block-heading has-text-align-center\">Derni\u00e8res infos<\/h3>\n\n\n\n\t\t\t<div class=\"wp-block-uagb-post-carousel uagb-post-grid car_news uagb-post__image-position-top uagb-post__image-enabled uagb-block-882cd371     uagb-post__arrow-outside uagb-slick-carousel uagb-post__items uagb-post__columns-3 is-carousel uagb-post__columns-tablet-2 uagb-post__columns-mobile-1\" data-total=\"13\" style=\"\">\n\n\t\t\t\t\t\t\t\t\t\t\t\t<article class=\"uagb-post__inner-wrap\">\t\t\t\t\t\t\t\t<h4 class=\"uagb-post__title uagb-post__text\">\n\t\t\t\t<a href=\"https:\/\/cretesetvallees.fr\/index.php\/2026\/04\/18\/presentation\/\" target=\"_self\" rel=\"bookmark noopener noreferrer\">Pr\u00e9sentation<\/a>\n\t\t\t<\/h4>\n\t\t\t\t\t\t<div class='uagb-post__text uagb-post-grid-byline'>\n\t\t\t\t\t\t\t<\/div>\n\t\t\t\t\t\t\t<div class='uagb-post__text uagb-post__excerpt'>\n\t\t\t\t\t<p>Comme il est mentionn\u00e9 dans la pr\u00e9sentation de l\u2019association, nous randonnons une \u00e0 deux fois&#8230;\t\t\t\t<\/div>\n\t\t\t\t\t\t<div class=\"uagb-post__text uagb-post__cta wp-block-button\">\n\t\t\t\t<a class=\"wp-block-button__link uagb-text-link\" style=\"\" href=\"https:\/\/cretesetvallees.fr\/index.php\/2026\/04\/18\/presentation\/\" target=\"_self\" rel=\"bookmark noopener noreferrer\">Lire la suite<\/a>\n\t\t\t<\/div>\n\t\t\t\n\t\t\t\t\t\t\t\t\t<\/article>\n\t\t\t\t\t\t\t\t\t\t\t\t\t\t\t\t<article class=\"uagb-post__inner-wrap\">\t\t\t\t\t\t\t\t<h4 class=\"uagb-post__title uagb-post__text\">\n\t\t\t\t<a href=\"https:\/\/cretesetvallees.fr\/index.php\/2026\/04\/18\/romille\/\" target=\"_self\" rel=\"bookmark noopener noreferrer\">Romill\u00e9<\/a>\n\t\t\t<\/h4>\n\t\t\t\t\t\t<div class='uagb-post__text uagb-post-grid-byline'>\n\t\t\t\t\t\t\t<\/div>\n\t\t\t\t\t\t\t<div class='uagb-post__text uagb-post__excerpt'>\n\t\t\t\t\t<p>Romill\u00e9 Les N\u00e9fliers Distance : 10.3 km Dur\u00e9e : 2 h 45 D\u00e9tails<\/p>\n\t\t\t\t<\/div>\n\t\t\t\t\t\t<div class=\"uagb-post__text uagb-post__cta wp-block-button\">\n\t\t\t\t<a class=\"wp-block-button__link uagb-text-link\" style=\"\" href=\"https:\/\/cretesetvallees.fr\/index.php\/2026\/04\/18\/romille\/\" target=\"_self\" rel=\"bookmark noopener noreferrer\">Lire la suite<\/a>\n\t\t\t<\/div>\n\t\t\t\n\t\t\t\t\t\t\t\t\t<\/article>\n\t\t\t\t\t\t\t\t\t\t\t\t\t\t\t\t<article class=\"uagb-post__inner-wrap\">\t\t\t\t\t\t\t\t<h4 class=\"uagb-post__title uagb-post__text\">\n\t\t\t\t<a href=\"https:\/\/cretesetvallees.fr\/index.php\/2026\/01\/21\/servon-sur-vilaine\/\" target=\"_self\" rel=\"bookmark noopener noreferrer\">Servon-sur-Vilaine<\/a>\n\t\t\t<\/h4>\n\t\t\t\t\t\t<div class='uagb-post__text uagb-post-grid-byline'>\n\t\t\t\t\t\t\t<\/div>\n\t\t\t\t\t\t\t<div class='uagb-post__text uagb-post__excerpt'>\n\t\t\t\t\t<p>Servon-sur-Vilaine La boucle du Gu\u00e9 Distance : 7.9 km Dur\u00e9e : 2 h Le circuit&#8230;\t\t\t\t<\/div>\n\t\t\t\t\t\t<div class=\"uagb-post__text uagb-post__cta wp-block-button\">\n\t\t\t\t<a class=\"wp-block-button__link uagb-text-link\" style=\"\" href=\"https:\/\/cretesetvallees.fr\/index.php\/2026\/01\/21\/servon-sur-vilaine\/\" target=\"_self\" rel=\"bookmark noopener noreferrer\">Lire la suite<\/a>\n\t\t\t<\/div>\n\t\t\t\n\t\t\t\t\t\t\t\t\t<\/article>\n\t\t\t\t\t\t\t\t\t\t\t\t\t\t\t\t<article class=\"uagb-post__inner-wrap\">\t\t\t\t\t\t\t\t<h4 class=\"uagb-post__title uagb-post__text\">\n\t\t\t\t<a href=\"https:\/\/cretesetvallees.fr\/index.php\/2026\/01\/18\/saint-aubin-du-cormier\/\" target=\"_self\" rel=\"bookmark noopener noreferrer\">Saint-Aubin du Cormier<\/a>\n\t\t\t<\/h4>\n\t\t\t\t\t\t<div class='uagb-post__text uagb-post-grid-byline'>\n\t\t\t\t\t\t\t<\/div>\n\t\t\t\t\t\t\t<div class='uagb-post__text uagb-post__excerpt'>\n\t\t\t\t\t<p>Saint-Aubin du Cormier La Roche Piqu\u00e9e Distance : 7.3 km Dur\u00e9e : 1 h 50&#8230;\t\t\t\t<\/div>\n\t\t\t\t\t\t<div class=\"uagb-post__text uagb-post__cta wp-block-button\">\n\t\t\t\t<a class=\"wp-block-button__link uagb-text-link\" style=\"\" href=\"https:\/\/cretesetvallees.fr\/index.php\/2026\/01\/18\/saint-aubin-du-cormier\/\" target=\"_self\" rel=\"bookmark noopener noreferrer\">Lire la suite<\/a>\n\t\t\t<\/div>\n\t\t\t\n\t\t\t\t\t\t\t\t\t<\/article>\n\t\t\t\t\t\t\t\t\t\t\t\t\t\t\t\t<article class=\"uagb-post__inner-wrap\">\t\t\t\t\t\t\t\t<h4 class=\"uagb-post__title uagb-post__text\">\n\t\t\t\t<a href=\"https:\/\/cretesetvallees.fr\/index.php\/2026\/01\/13\/galette-des-rois-2\/\" target=\"_self\" rel=\"bookmark noopener noreferrer\">Galette des rois<\/a>\n\t\t\t<\/h4>\n\t\t\t\t\t\t<div class='uagb-post__text uagb-post-grid-byline'>\n\t\t\t\t\t\t\t<\/div>\n\t\t\t\t\t\t\t<div class='uagb-post__text uagb-post__excerpt'>\n\t\t\t\t\t<p>Galette des rois Samedi dernier, 10 janvier, le club Cr\u00eates et Vall\u00e9es s\u2019est retrouv\u00e9 \u00e0&#8230;\t\t\t\t<\/div>\n\t\t\t\t\t\t<div class=\"uagb-post__text uagb-post__cta wp-block-button\">\n\t\t\t\t<a class=\"wp-block-button__link uagb-text-link\" style=\"\" href=\"https:\/\/cretesetvallees.fr\/index.php\/2026\/01\/13\/galette-des-rois-2\/\" target=\"_self\" rel=\"bookmark noopener noreferrer\">Lire la suite<\/a>\n\t\t\t<\/div>\n\t\t\t\n\t\t\t\t\t\t\t\t\t<\/article>\n\t\t\t\t\t\t\t\t\t\t\t\t\t\t\t\t<article class=\"uagb-post__inner-wrap\">\t\t\t\t\t\t\t\t<h4 class=\"uagb-post__title uagb-post__text\">\n\t\t\t\t<a href=\"https:\/\/cretesetvallees.fr\/index.php\/2025\/11\/10\/atelier-secourisme\/\" target=\"_self\" rel=\"bookmark noopener noreferrer\">Atelier secourisme<\/a>\n\t\t\t<\/h4>\n\t\t\t\t\t\t<div class='uagb-post__text uagb-post-grid-byline'>\n\t\t\t\t\t\t\t<\/div>\n\t\t\t\t\t\t\t<div class='uagb-post__text uagb-post__excerpt'>\n\t\t\t\t\t<p>Atelier secourisme Le 11 octobre 2025, quelques randonneurs ont particip\u00e9 \u00e0 un atelier de secourisme&#8230;.\t\t\t\t<\/div>\n\t\t\t\t\t\t<div class=\"uagb-post__text uagb-post__cta wp-block-button\">\n\t\t\t\t<a class=\"wp-block-button__link uagb-text-link\" style=\"\" href=\"https:\/\/cretesetvallees.fr\/index.php\/2025\/11\/10\/atelier-secourisme\/\" target=\"_self\" rel=\"bookmark noopener noreferrer\">Lire la suite<\/a>\n\t\t\t<\/div>\n\t\t\t\n\t\t\t\t\t\t\t\t\t<\/article>\n\t\t\t\t\t\t\t\t\t\t\t<\/div>\n\t\t\t\n\n\n<h2 class=\"wp-block-heading saison\">Une saison \u00e0 Cr\u00eates et Vall\u00e9es\u2026<\/h2>\n\n\n\n<p>La saison de l\u2019association est rythm\u00e9e par diff\u00e9rentes activit\u00e9s :<\/p>\n\n\n\n<ul class=\"wp-block-list\">\n<li>Une randonn\u00e9e hebdomadaire le samedi et un mardi sur deux (entre 7 et 13 km). Sur une saison un membre peut faire jusqu\u2019\u00e0 500 km !<\/li>\n\n\n\n<li>Une semaine de marche (Printemps).<\/li>\n\n\n\n<li>L\u2019organisation d\u2019une marche gourmande (voir la page consacr\u00e9e \u00e0 cette marche).<\/li>\n\n\n\n<li>Une journ\u00e9e coh\u00e9sion.<\/li>\n\n\n\n<li>Une sortie annuelle en car (par exemple sur une \u00eele).<\/li>\n\n\n\n<li>La galette des rois.<\/li>\n\n\n\n<li>Un repas annuel au restaurant.<\/li>\n<\/ul>\n\n\n\n<div class=\"wp-block-uagb-image aligncenter uagb-block-5c4dd3a4 wp-block-uagb-image--layout-default wp-block-uagb-image--effect-static wp-block-uagb-image--align-center\"><figure class=\"wp-block-uagb-image__figure\"><img decoding=\"async\" srcset=\"https:\/\/cretesetvallees.fr\/wp-content\/uploads\/2024\/08\/66-2.jpg ,https:\/\/cretesetvallees.fr\/wp-content\/uploads\/2024\/08\/66-2.jpg 780w, https:\/\/cretesetvallees.fr\/wp-content\/uploads\/2024\/08\/66-2.jpg 360w\" sizes=\"auto, (max-width: 480px) 150px\" src=\"https:\/\/cretesetvallees.fr\/wp-content\/uploads\/2024\/08\/66-2.jpg\" alt=\"\" class=\"uag-image-2794\" width=\"1600\" height=\"737\" title=\"66\" loading=\"lazy\" role=\"img\"\/><\/figure><\/div>\n","protected":false},"excerpt":{"rendered":"<p>Bienvenue sur le site du club de randonn\u00e9e \u00ab\u00a0Cr\u00eates et Vall\u00e9es\u00a0\u00bb de Saint-Aubin d&rsquo;Aubign\u00e9 ! Un peu d&rsquo;histoire&#8230; L&rsquo;envie de randonn\u00e9e \u00e0 Saint-Aubin La randonn\u00e9e p\u00e9destre \u00e0 Saint-Aubin d\u2019Aubign\u00e9 a [&hellip;]<\/p>\n","protected":false},"author":1,"featured_media":0,"parent":0,"menu_order":0,"comment_status":"closed","ping_status":"closed","template":"template-fullwidth.php","meta":{"_uag_custom_page_level_css":"h2 {\n\tcolor: rgb(55,99,63)!important;\n\tfont-weight:bold!important;\n}\n.post-content {\npadding : 0 2em;\n}\n\n.car_news {\nbackground-color : rgb(103,148,76);\n}","_monsterinsights_skip_tracking":false,"_monsterinsights_sitenote_active":false,"_monsterinsights_sitenote_note":"","_monsterinsights_sitenote_category":0,"_EventAllDay":false,"_EventTimezone":"","_EventStartDate":"","_EventEndDate":"","_EventStartDateUTC":"","_EventEndDateUTC":"","_EventShowMap":false,"_EventShowMapLink":false,"_EventURL":"","_EventCost":"","_EventCostDescription":"","_EventCurrencySymbol":"","_EventCurrencyCode":"","_EventCurrencyPosition":"","_EventDateTimeSeparator":"","_EventTimeRangeSeparator":"","_EventOrganizerID":[],"_EventVenueID":[],"_OrganizerEmail":"","_OrganizerPhone":"","_OrganizerWebsite":"","_VenueAddress":"","_VenueCity":"","_VenueCountry":"","_VenueProvince":"","_VenueState":"","_VenueZip":"","_VenuePhone":"","_VenueURL":"","_VenueStateProvince":"","_VenueLat":"","_VenueLng":"","_VenueShowMap":false,"_VenueShowMapLink":false,"footnotes":""},"class_list":["post-2558","page","type-page","status-publish","hentry","post-preview"],"yoast_head":"<!-- This site is optimized with the Yoast SEO plugin v27.5 - https:\/\/yoast.com\/product\/yoast-seo-wordpress\/ -->\n<title>L&#039;association - Cr\u00eates et Vall\u00e9es<\/title>\n<meta name=\"robots\" content=\"index, follow, max-snippet:-1, max-image-preview:large, max-video-preview:-1\" \/>\n<link rel=\"canonical\" href=\"https:\/\/cretesetvallees.fr\/\" \/>\n<meta property=\"og:locale\" content=\"fr_FR\" \/>\n<meta property=\"og:type\" content=\"article\" \/>\n<meta property=\"og:title\" content=\"L&#039;association - Cr\u00eates et Vall\u00e9es\" \/>\n<meta property=\"og:description\" content=\"Bienvenue sur le site du club de randonn\u00e9e \u00ab\u00a0Cr\u00eates et Vall\u00e9es\u00a0\u00bb de Saint-Aubin d&rsquo;Aubign\u00e9 ! Un peu d&rsquo;histoire&#8230; L&rsquo;envie de randonn\u00e9e \u00e0 Saint-Aubin La randonn\u00e9e p\u00e9destre \u00e0 Saint-Aubin d\u2019Aubign\u00e9 a [&hellip;]\" \/>\n<meta property=\"og:url\" content=\"https:\/\/cretesetvallees.fr\/\" \/>\n<meta property=\"og:site_name\" content=\"Cr\u00eates et Vall\u00e9es\" \/>\n<meta property=\"article:modified_time\" content=\"2025-10-13T09:48:08+00:00\" \/>\n<meta property=\"og:image\" content=\"https:\/\/cretesetvallees.fr\/wp-content\/uploads\/2024\/08\/IMG_9160.jpg\" \/>\n<meta name=\"twitter:card\" content=\"summary_large_image\" \/>\n<meta name=\"twitter:label1\" content=\"Dur\u00e9e de lecture estim\u00e9e\" \/>\n\t<meta name=\"twitter:data1\" content=\"3 minutes\" \/>\n<script type=\"application\/ld+json\" class=\"yoast-schema-graph\">{\"@context\":\"https:\\\/\\\/schema.org\",\"@graph\":[{\"@type\":\"WebPage\",\"@id\":\"https:\\\/\\\/cretesetvallees.fr\\\/\",\"url\":\"https:\\\/\\\/cretesetvallees.fr\\\/\",\"name\":\"L'association - Cr\u00eates et Vall\u00e9es\",\"isPartOf\":{\"@id\":\"https:\\\/\\\/cretesetvallees.fr\\\/#website\"},\"primaryImageOfPage\":{\"@id\":\"https:\\\/\\\/cretesetvallees.fr\\\/#primaryimage\"},\"image\":{\"@id\":\"https:\\\/\\\/cretesetvallees.fr\\\/#primaryimage\"},\"thumbnailUrl\":\"https:\\\/\\\/cretesetvallees.fr\\\/wp-content\\\/uploads\\\/2024\\\/08\\\/IMG_9160.jpg\",\"datePublished\":\"2023-12-19T10:03:15+00:00\",\"dateModified\":\"2025-10-13T09:48:08+00:00\",\"breadcrumb\":{\"@id\":\"https:\\\/\\\/cretesetvallees.fr\\\/#breadcrumb\"},\"inLanguage\":\"fr-FR\",\"potentialAction\":[{\"@type\":\"ReadAction\",\"target\":[\"https:\\\/\\\/cretesetvallees.fr\\\/\"]}]},{\"@type\":\"ImageObject\",\"inLanguage\":\"fr-FR\",\"@id\":\"https:\\\/\\\/cretesetvallees.fr\\\/#primaryimage\",\"url\":\"https:\\\/\\\/cretesetvallees.fr\\\/wp-content\\\/uploads\\\/2024\\\/08\\\/IMG_9160.jpg\",\"contentUrl\":\"https:\\\/\\\/cretesetvallees.fr\\\/wp-content\\\/uploads\\\/2024\\\/08\\\/IMG_9160.jpg\",\"width\":400,\"height\":266},{\"@type\":\"BreadcrumbList\",\"@id\":\"https:\\\/\\\/cretesetvallees.fr\\\/#breadcrumb\",\"itemListElement\":[{\"@type\":\"ListItem\",\"position\":1,\"name\":\"Accueil\",\"item\":\"https:\\\/\\\/cretesetvallees.fr\\\/\"},{\"@type\":\"ListItem\",\"position\":2,\"name\":\"L&rsquo;association\"}]},{\"@type\":\"WebSite\",\"@id\":\"https:\\\/\\\/cretesetvallees.fr\\\/#website\",\"url\":\"https:\\\/\\\/cretesetvallees.fr\\\/\",\"name\":\"Cr\u00eates et Vall\u00e9es\",\"description\":\"\",\"potentialAction\":[{\"@type\":\"SearchAction\",\"target\":{\"@type\":\"EntryPoint\",\"urlTemplate\":\"https:\\\/\\\/cretesetvallees.fr\\\/?s={search_term_string}\"},\"query-input\":{\"@type\":\"PropertyValueSpecification\",\"valueRequired\":true,\"valueName\":\"search_term_string\"}}],\"inLanguage\":\"fr-FR\"}]}<\/script>\n<!-- \/ Yoast SEO plugin. -->","yoast_head_json":{"title":"L'association - Cr\u00eates et Vall\u00e9es","robots":{"index":"index","follow":"follow","max-snippet":"max-snippet:-1","max-image-preview":"max-image-preview:large","max-video-preview":"max-video-preview:-1"},"canonical":"https:\/\/cretesetvallees.fr\/","og_locale":"fr_FR","og_type":"article","og_title":"L'association - Cr\u00eates et Vall\u00e9es","og_description":"Bienvenue sur le site du club de randonn\u00e9e \u00ab\u00a0Cr\u00eates et Vall\u00e9es\u00a0\u00bb de Saint-Aubin d&rsquo;Aubign\u00e9 ! Un peu d&rsquo;histoire&#8230; L&rsquo;envie de randonn\u00e9e \u00e0 Saint-Aubin La randonn\u00e9e p\u00e9destre \u00e0 Saint-Aubin d\u2019Aubign\u00e9 a [&hellip;]","og_url":"https:\/\/cretesetvallees.fr\/","og_site_name":"Cr\u00eates et Vall\u00e9es","article_modified_time":"2025-10-13T09:48:08+00:00","og_image":[{"url":"https:\/\/cretesetvallees.fr\/wp-content\/uploads\/2024\/08\/IMG_9160.jpg","type":"","width":"","height":""}],"twitter_card":"summary_large_image","twitter_misc":{"Dur\u00e9e de lecture estim\u00e9e":"3 minutes"},"schema":{"@context":"https:\/\/schema.org","@graph":[{"@type":"WebPage","@id":"https:\/\/cretesetvallees.fr\/","url":"https:\/\/cretesetvallees.fr\/","name":"L'association - Cr\u00eates et Vall\u00e9es","isPartOf":{"@id":"https:\/\/cretesetvallees.fr\/#website"},"primaryImageOfPage":{"@id":"https:\/\/cretesetvallees.fr\/#primaryimage"},"image":{"@id":"https:\/\/cretesetvallees.fr\/#primaryimage"},"thumbnailUrl":"https:\/\/cretesetvallees.fr\/wp-content\/uploads\/2024\/08\/IMG_9160.jpg","datePublished":"2023-12-19T10:03:15+00:00","dateModified":"2025-10-13T09:48:08+00:00","breadcrumb":{"@id":"https:\/\/cretesetvallees.fr\/#breadcrumb"},"inLanguage":"fr-FR","potentialAction":[{"@type":"ReadAction","target":["https:\/\/cretesetvallees.fr\/"]}]},{"@type":"ImageObject","inLanguage":"fr-FR","@id":"https:\/\/cretesetvallees.fr\/#primaryimage","url":"https:\/\/cretesetvallees.fr\/wp-content\/uploads\/2024\/08\/IMG_9160.jpg","contentUrl":"https:\/\/cretesetvallees.fr\/wp-content\/uploads\/2024\/08\/IMG_9160.jpg","width":400,"height":266},{"@type":"BreadcrumbList","@id":"https:\/\/cretesetvallees.fr\/#breadcrumb","itemListElement":[{"@type":"ListItem","position":1,"name":"Accueil","item":"https:\/\/cretesetvallees.fr\/"},{"@type":"ListItem","position":2,"name":"L&rsquo;association"}]},{"@type":"WebSite","@id":"https:\/\/cretesetvallees.fr\/#website","url":"https:\/\/cretesetvallees.fr\/","name":"Cr\u00eates et Vall\u00e9es","description":"","potentialAction":[{"@type":"SearchAction","target":{"@type":"EntryPoint","urlTemplate":"https:\/\/cretesetvallees.fr\/?s={search_term_string}"},"query-input":{"@type":"PropertyValueSpecification","valueRequired":true,"valueName":"search_term_string"}}],"inLanguage":"fr-FR"}]}},"uagb_featured_image_src":{"full":false,"thumbnail":false,"medium":false,"medium_large":false,"large":false,"1536x1536":false,"2048x2048":false,"post-image":false},"uagb_author_info":{"display_name":"R\u00e9gis","author_link":"https:\/\/cretesetvallees.fr\/index.php\/author\/root\/"},"uagb_comment_info":0,"uagb_excerpt":"Bienvenue sur le site du club de randonn\u00e9e \u00ab\u00a0Cr\u00eates et Vall\u00e9es\u00a0\u00bb de Saint-Aubin d&rsquo;Aubign\u00e9 ! Un peu d&rsquo;histoire&#8230; L&rsquo;envie de randonn\u00e9e \u00e0 Saint-Aubin La randonn\u00e9e p\u00e9destre \u00e0 Saint-Aubin d\u2019Aubign\u00e9 a [&hellip;]","_links":{"self":[{"href":"https:\/\/cretesetvallees.fr\/index.php\/wp-json\/wp\/v2\/pages\/2558","targetHints":{"allow":["GET"]}}],"collection":[{"href":"https:\/\/cretesetvallees.fr\/index.php\/wp-json\/wp\/v2\/pages"}],"about":[{"href":"https:\/\/cretesetvallees.fr\/index.php\/wp-json\/wp\/v2\/types\/page"}],"author":[{"embeddable":true,"href":"https:\/\/cretesetvallees.fr\/index.php\/wp-json\/wp\/v2\/users\/1"}],"replies":[{"embeddable":true,"href":"https:\/\/cretesetvallees.fr\/index.php\/wp-json\/wp\/v2\/comments?post=2558"}],"version-history":[{"count":47,"href":"https:\/\/cretesetvallees.fr\/index.php\/wp-json\/wp\/v2\/pages\/2558\/revisions"}],"predecessor-version":[{"id":5198,"href":"https:\/\/cretesetvallees.fr\/index.php\/wp-json\/wp\/v2\/pages\/2558\/revisions\/5198"}],"wp:attachment":[{"href":"https:\/\/cretesetvallees.fr\/index.php\/wp-json\/wp\/v2\/media?parent=2558"}],"curies":[{"name":"wp","href":"https:\/\/api.w.org\/{rel}","templated":true}]}}